{"id":786,"date":"2025-11-28T13:05:06","date_gmt":"2025-11-28T13:05:06","guid":{"rendered":"https:\/\/caks.eu\/?page_id=786"},"modified":"2025-11-28T13:16:11","modified_gmt":"2025-11-28T13:16:11","slug":"ce-rit-zdrzi-srce-sledi","status":"publish","type":"page","link":"https:\/\/caks.eu\/?page_id=786","title":{"rendered":"NARO\u010cILO KNJIGE &#8211; \u010cE RIT ZDR\u017dI, SRCE SLEDI"},"content":{"rendered":"<p><a href=\"https:\/\/docs.google.com\/forms\/d\/e\/1FAIpQLScXtVp23dCdYVguO23eN8pwJ7ATHKrTNdRhX_ZpQydyGnMiqg\/viewform?usp=header\" target=\"_blank\">NARO\u010cILO KNJIGE \u010cE RIT ZDR\u017dI, SRCE SLEDI.<\/a><\/p>\n<p>Odlomek za poku\u0161ino&#8230;<br \/>\n<strong>V \u0161tacuno po hrano in izku\u0161njo za PTSD<\/strong><br \/>\n(V \u010dasu covida, ko smo bili vsi bolj malo normalni)<\/p>\n<p>&#8230; Maska na nos, rokavice trikrat prevelike, \u0161e dodatno razku\u017eene \u2013 pacasto do konca.<br \/>\nV trgovini skoraj nikogar. Vr\u017eem se v ekspresni nakup.<\/p>\n<p>Pet minut se matram razpreti vre\u010dko za sadje z za\u0161\u010ditenimi rokami. Ne gre.<br \/>\nNalepim ceno kar direktno na pomaran\u010do. Drugo na banano.<\/p>\n<p>Medtem se mi zaradi maske zameglijo o\u010dala, da podo\u017eivljam ob\u010dutke krmarja Titanica.<br \/>\nDol jih ne dam, ker bi jih moral prijeti \u2013 in to v teh rokavicah? Ne hvala.<\/p>\n<p>Pri blagajni prodajalka skozi masko, v slogu Darth Vaderja, vpra\u0161a po Mercator kartici.<br \/>\nItak da jo imam. Samo je ne morem spravit iz denarnice s temi prekleto pocastimi rokavicami.<\/p>\n<p>Etiketa s pomaran\u010de se medtem odlepi. Ponovno tehtanje.<br \/>\nProdajalka me pogleda, kot da prvi\u010d sli\u0161im za sistem samolepljivih nalepk.<\/p>\n<p>Kon\u010dno pridem ven\u2026<br \/>\nRoke razku\u017eene, o\u010di meglene, ego poteptan.<\/p>\n<p>Upam, da mi naslednjih 14 dni ne bo treba v nabavo&#8230;<br \/>\n<a href=\"https:\/\/docs.google.com\/forms\/d\/e\/1FAIpQLScXtVp23dCdYVguO23eN8pwJ7ATHKrTNdRhX_ZpQydyGnMiqg\/viewform?usp=header\" target=\"_blank\">NARO\u010cILO KNJIGE \u010cE RIT ZDR\u017dI, SRCE SLEDI.<\/a><\/p>\n","protected":false},"excerpt":{"rendered":"<p>NARO\u010cILO KNJIGE \u010cE RIT ZDR\u017dI, SRCE SLEDI. Odlomek za poku\u0161ino&#8230; V \u0161tacuno po hrano in&#8230;<\/p>\n","protected":false},"author":1,"featured_media":790,"parent":0,"menu_order":0,"comment_status":"closed","ping_status":"closed","template":"","meta":{"footnotes":""},"class_list":["post-786","page","type-page","status-publish","has-post-thumbnail","hentry"],"_links":{"self":[{"href":"https:\/\/caks.eu\/index.php?rest_route=\/wp\/v2\/pages\/786","targetHints":{"allow":["GET"]}}],"collection":[{"href":"https:\/\/caks.eu\/index.php?rest_route=\/wp\/v2\/pages"}],"about":[{"href":"https:\/\/caks.eu\/index.php?rest_route=\/wp\/v2\/types\/page"}],"author":[{"embeddable":true,"href":"https:\/\/caks.eu\/index.php?rest_route=\/wp\/v2\/users\/1"}],"replies":[{"embeddable":true,"href":"https:\/\/caks.eu\/index.php?rest_route=%2Fwp%2Fv2%2Fcomments&post=786"}],"version-history":[{"count":8,"href":"https:\/\/caks.eu\/index.php?rest_route=\/wp\/v2\/pages\/786\/revisions"}],"predecessor-version":[{"id":801,"href":"https:\/\/caks.eu\/index.php?rest_route=\/wp\/v2\/pages\/786\/revisions\/801"}],"wp:featuredmedia":[{"embeddable":true,"href":"https:\/\/caks.eu\/index.php?rest_route=\/wp\/v2\/media\/790"}],"wp:attachment":[{"href":"https:\/\/caks.eu\/index.php?rest_route=%2Fwp%2Fv2%2Fmedia&parent=786"}],"curies":[{"name":"wp","href":"https:\/\/api.w.org\/{rel}","templated":true}]}}